{"id":2860,"date":"2019-02-04T14:38:47","date_gmt":"2019-02-04T14:38:47","guid":{"rendered":"http:\/\/heldersebinnenstad.nl\/?page_id=2860"},"modified":"2019-02-20T18:07:16","modified_gmt":"2019-02-20T18:07:16","slug":"bereikbaarheid","status":"publish","type":"page","link":"https:\/\/heldersebinnenstad.nl\/de\/bereikbaarheid\/","title":{"rendered":"Erreichbarkeit"},"content":{"rendered":"<h2>Das Zentrum von Den Helder l\u00e4sst sich gut mit \u00f6ffentlichen Verkehrsmitteln erreichen.<\/h2>\n<p>Vor dem Hauptbahnhof von Den Helder stehen Busse bereit, die Sie zu den gew\u00fcnschten Standorten bringen k\u00f6nnen. Der Hauptbahnhof hat eine zentrale Lage. Wenn Sie aus dem Bahnhof herauskommen, stehen Sie direkt mitten im Einkaufszentrum. Sie m\u00fcssen lediglich die Stra\u00dfe \u00fcberqueren und dann sind Sie schon in der \u201cBeatrixstraat\u201d. Wenn Sie mit dem Auto nach Den Helder kommen, dann m\u00fcssen Sie von Alkmaar aus der N9 folgen. Wenn Sie dieser Stra\u00dfe folgen, kommen Sie im \u201cBinnenhaven\u201d heraus. Folgen Sie dieser Stra\u00dfe weiterhin, dann gelangen Sie direkt zur F\u00e4hre Richtung Texel oder zur Innenstadt von Den Helder.<\/p>\n<h2>In der \u201cSluisdijkstraat\u201d oder \u00fcber der \u201cKroonpassage\u201d parken<\/h2>\n<p>Damit Sie Ihr Auto gut parken k\u00f6nnen, empfehlen wir Ihnen, das Parkdeck \u201cSluisdijkstraat\u201d in Ihr Navi einzugeben. Dieses Parkdeck hat zwei Etagen und damit viele Parkpl\u00e4tze.<br \/>\nWenn Sie aussteigen, ist es lediglich eine Minute zu Fu\u00df bis in die \u201cBeatrixstraat\u201d. In der \u201cBeatrixstraat\u201d ist das Parken verboten.<\/p>\n<p>Das Parken ist die ersten drei Stunden kostenlos. Danach kostet es 1,- \u20ac pro Stunde. Sollte das Parkdeck w\u00e4hrend der Events voll sein, dann k\u00f6nnen Sie auch auf dem Parkdeck der \u201cKroonpassage\u201d parken. Die \u201c<a href=\"http:\/\/heldersebinnenstad.nl\/de\/kroonpassage\/\">Kroonpassage<\/a>\u201d ist ein \u00fcberdachtes Einkaufszentrum, das 20 Gesch\u00e4fte unter einem Dach hat. Die Ausg\u00e4nge der \u201cKroonpassage\u201d f\u00fchren Sie in die \u201cKeizerstraat\u201d, in der es viele Gesch\u00e4fte gibt sowie in die \u201cBeaxtrixstraat\u201d. Wenn Sie von einem Aufenthalt auf Texel nach Den Helder kommen, k\u00f6nnen Sie das Auto am besten auf dem \u201cBernhardplein\u201d abstellen. Sollte der Parkplatz voll sein, dann k\u00f6nnen Sie das Parkdeck auf der \u201cKroonpassage\u201d nutzen, dass sich um die Ecke befindet.<br \/>\nIn Den Helder d\u00fcrfen Sie 5 Stunden kostenlos parken, wenn Sie die blaue Parkscheibe ins Auto legen. Diese wird allerdings streng kontrolliert. Man kann bei diversen Gesch\u00e4ften auch eine blaue Parkscheibe kaufen.<\/p>\n<p>Eine andere Alternative ist, das Auto auf Willemsoord zu parken. Hier gibt es keine Gesch\u00e4fte, daf\u00fcr aber viele Restaurants! Von Willemsoord sind es nur 5 Minuten zu Fu\u00df bis ins Zentrum. Nutzen Sie auf Willemsoord bitte die ausgewiesenen Parkpl\u00e4tze. Von und nach <a href=\"http:\/\/heldersebinnenstad.nl\/de\/willemsoord\/\">Willemsoord<\/a> fahren auch Busse. F\u00fcr behinderte Besucher ist es ratsam, bei Bedarf ein Taxi zu reservieren.<\/p>\n","protected":false},"excerpt":{"rendered":"<p>Das Zentrum von Den Helder l\u00e4sst sich gut mit \u00f6ffentlichen Verkehrsmitteln erreichen. Vor dem Hauptbahnhof von Den Helder stehen Busse bereit, die Sie zu den gew\u00fcnschten Standorten bringen k\u00f6nnen. Der Hauptbahnhof hat eine zentrale Lage. Wenn Sie aus dem Bahnhof herauskommen, stehen Sie direkt mitten im Einkaufszentrum. Sie m\u00fcssen lediglich die Stra\u00dfe \u00fcberqueren und dann [&hellip;]<\/p>\n","protected":false},"author":1,"featured_media":9142,"parent":0,"menu_order":0,"comment_status":"closed","ping_status":"closed","template":"","meta":{"_acf_changed":false,"footnotes":""},"class_list":["post-2860","page","type-page","status-publish","has-post-thumbnail","hentry"],"acf":[],"yoast_head":"<!-- This site is optimized with the Yoast SEO plugin v26.6 - https:\/\/yoast.com\/wordpress\/plugins\/seo\/ -->\n<title>Erreichbarkeit - Helderse binnenstad<\/title>\n<meta name=\"description\" content=\"De Helderse Binnenstad leeft! Het gehele jaar door zijn er acties en evenementen te beleven in het vernieuwde winkel centrum van de Marinestad. Wees welkom!\" \/>\n<meta name=\"robots\" content=\"index, follow, max-snippet:-1, max-image-preview:large, max-video-preview:-1\" \/>\n<link rel=\"canonical\" href=\"https:\/\/heldersebinnenstad.nl\/de\/bereikbaarheid\/\" \/>\n<meta property=\"og:locale\" content=\"de_DE\" \/>\n<meta property=\"og:type\" content=\"article\" \/>\n<meta property=\"og:title\" content=\"Erreichbarkeit - Helderse binnenstad\" \/>\n<meta property=\"og:description\" content=\"De Helderse Binnenstad leeft! Het gehele jaar door zijn er acties en evenementen te beleven in het vernieuwde winkel centrum van de Marinestad. Wees welkom!\" \/>\n<meta property=\"og:url\" content=\"https:\/\/heldersebinnenstad.nl\/de\/bereikbaarheid\/\" \/>\n<meta property=\"og:site_name\" content=\"Helderse binnenstad\" \/>\n<meta property=\"article:publisher\" content=\"https:\/\/nl-nl.facebook.com\/heldersebinnenstad\" \/>\n<meta property=\"article:modified_time\" content=\"2019-02-20T18:07:16+00:00\" \/>\n<meta property=\"og:image\" content=\"https:\/\/heldersebinnenstad.nl\/wp-content\/uploads\/2022\/01\/Bereikbaarheid-van-Den-Helder.jpg\" \/>\n\t<meta property=\"og:image:width\" content=\"1280\" \/>\n\t<meta property=\"og:image:height\" content=\"600\" \/>\n\t<meta property=\"og:image:type\" content=\"image\/jpeg\" \/>\n<meta name=\"twitter:card\" content=\"summary_large_image\" \/>\n<meta name=\"twitter:label1\" content=\"Gesch\u00e4tzte Lesezeit\" \/>\n\t<meta name=\"twitter:data1\" content=\"2\u00a0Minuten\" \/>\n<script type=\"application\/ld+json\" class=\"yoast-schema-graph\">{\"@context\":\"https:\/\/schema.org\",\"@graph\":[{\"@type\":\"WebPage\",\"@id\":\"https:\/\/heldersebinnenstad.nl\/de\/bereikbaarheid\/\",\"url\":\"https:\/\/heldersebinnenstad.nl\/de\/bereikbaarheid\/\",\"name\":\"Erreichbarkeit - Helderse binnenstad\",\"isPartOf\":{\"@id\":\"https:\/\/heldersebinnenstad.nl\/#website\"},\"primaryImageOfPage\":{\"@id\":\"https:\/\/heldersebinnenstad.nl\/de\/bereikbaarheid\/#primaryimage\"},\"image\":{\"@id\":\"https:\/\/heldersebinnenstad.nl\/de\/bereikbaarheid\/#primaryimage\"},\"thumbnailUrl\":\"https:\/\/heldersebinnenstad.nl\/wp-content\/uploads\/2022\/01\/Bereikbaarheid-van-Den-Helder.jpg\",\"datePublished\":\"2019-02-04T14:38:47+00:00\",\"dateModified\":\"2019-02-20T18:07:16+00:00\",\"description\":\"De Helderse Binnenstad leeft! Het gehele jaar door zijn er acties en evenementen te beleven in het vernieuwde winkel centrum van de Marinestad. Wees welkom!\",\"breadcrumb\":{\"@id\":\"https:\/\/heldersebinnenstad.nl\/de\/bereikbaarheid\/#breadcrumb\"},\"inLanguage\":\"de\",\"potentialAction\":[{\"@type\":\"ReadAction\",\"target\":[\"https:\/\/heldersebinnenstad.nl\/de\/bereikbaarheid\/\"]}]},{\"@type\":\"ImageObject\",\"inLanguage\":\"de\",\"@id\":\"https:\/\/heldersebinnenstad.nl\/de\/bereikbaarheid\/#primaryimage\",\"url\":\"https:\/\/heldersebinnenstad.nl\/wp-content\/uploads\/2022\/01\/Bereikbaarheid-van-Den-Helder.jpg\",\"contentUrl\":\"https:\/\/heldersebinnenstad.nl\/wp-content\/uploads\/2022\/01\/Bereikbaarheid-van-Den-Helder.jpg\",\"width\":1280,\"height\":600,\"caption\":\"Bereikbaarheid\"},{\"@type\":\"BreadcrumbList\",\"@id\":\"https:\/\/heldersebinnenstad.nl\/de\/bereikbaarheid\/#breadcrumb\",\"itemListElement\":[{\"@type\":\"ListItem\",\"position\":1,\"name\":\"Home\",\"item\":\"https:\/\/heldersebinnenstad.nl\/de\/\"},{\"@type\":\"ListItem\",\"position\":2,\"name\":\"Erreichbarkeit\"}]},{\"@type\":\"WebSite\",\"@id\":\"https:\/\/heldersebinnenstad.nl\/#website\",\"url\":\"https:\/\/heldersebinnenstad.nl\/\",\"name\":\"Helderse binnenstad\",\"description\":\"Op deze website kunt u informatie nalezen die het voor u eenvoudiger maakt om iets op te zoeken in de Helderse binnenstad.\",\"potentialAction\":[{\"@type\":\"SearchAction\",\"target\":{\"@type\":\"EntryPoint\",\"urlTemplate\":\"https:\/\/heldersebinnenstad.nl\/?s={search_term_string}\"},\"query-input\":{\"@type\":\"PropertyValueSpecification\",\"valueRequired\":true,\"valueName\":\"search_term_string\"}}],\"inLanguage\":\"de\"}]}<\/script>\n<!-- \/ Yoast SEO plugin. -->","yoast_head_json":{"title":"Erreichbarkeit - Helderse binnenstad","description":"De Helderse Binnenstad leeft! Het gehele jaar door zijn er acties en evenementen te beleven in het vernieuwde winkel centrum van de Marinestad. Wees welkom!","robots":{"index":"index","follow":"follow","max-snippet":"max-snippet:-1","max-image-preview":"max-image-preview:large","max-video-preview":"max-video-preview:-1"},"canonical":"https:\/\/heldersebinnenstad.nl\/de\/bereikbaarheid\/","og_locale":"de_DE","og_type":"article","og_title":"Erreichbarkeit - Helderse binnenstad","og_description":"De Helderse Binnenstad leeft! Het gehele jaar door zijn er acties en evenementen te beleven in het vernieuwde winkel centrum van de Marinestad. Wees welkom!","og_url":"https:\/\/heldersebinnenstad.nl\/de\/bereikbaarheid\/","og_site_name":"Helderse binnenstad","article_publisher":"https:\/\/nl-nl.facebook.com\/heldersebinnenstad","article_modified_time":"2019-02-20T18:07:16+00:00","og_image":[{"width":1280,"height":600,"url":"https:\/\/heldersebinnenstad.nl\/wp-content\/uploads\/2022\/01\/Bereikbaarheid-van-Den-Helder.jpg","type":"image\/jpeg"}],"twitter_card":"summary_large_image","twitter_misc":{"Gesch\u00e4tzte Lesezeit":"2\u00a0Minuten"},"schema":{"@context":"https:\/\/schema.org","@graph":[{"@type":"WebPage","@id":"https:\/\/heldersebinnenstad.nl\/de\/bereikbaarheid\/","url":"https:\/\/heldersebinnenstad.nl\/de\/bereikbaarheid\/","name":"Erreichbarkeit - Helderse binnenstad","isPartOf":{"@id":"https:\/\/heldersebinnenstad.nl\/#website"},"primaryImageOfPage":{"@id":"https:\/\/heldersebinnenstad.nl\/de\/bereikbaarheid\/#primaryimage"},"image":{"@id":"https:\/\/heldersebinnenstad.nl\/de\/bereikbaarheid\/#primaryimage"},"thumbnailUrl":"https:\/\/heldersebinnenstad.nl\/wp-content\/uploads\/2022\/01\/Bereikbaarheid-van-Den-Helder.jpg","datePublished":"2019-02-04T14:38:47+00:00","dateModified":"2019-02-20T18:07:16+00:00","description":"De Helderse Binnenstad leeft! Het gehele jaar door zijn er acties en evenementen te beleven in het vernieuwde winkel centrum van de Marinestad. Wees welkom!","breadcrumb":{"@id":"https:\/\/heldersebinnenstad.nl\/de\/bereikbaarheid\/#breadcrumb"},"inLanguage":"de","potentialAction":[{"@type":"ReadAction","target":["https:\/\/heldersebinnenstad.nl\/de\/bereikbaarheid\/"]}]},{"@type":"ImageObject","inLanguage":"de","@id":"https:\/\/heldersebinnenstad.nl\/de\/bereikbaarheid\/#primaryimage","url":"https:\/\/heldersebinnenstad.nl\/wp-content\/uploads\/2022\/01\/Bereikbaarheid-van-Den-Helder.jpg","contentUrl":"https:\/\/heldersebinnenstad.nl\/wp-content\/uploads\/2022\/01\/Bereikbaarheid-van-Den-Helder.jpg","width":1280,"height":600,"caption":"Bereikbaarheid"},{"@type":"BreadcrumbList","@id":"https:\/\/heldersebinnenstad.nl\/de\/bereikbaarheid\/#breadcrumb","itemListElement":[{"@type":"ListItem","position":1,"name":"Home","item":"https:\/\/heldersebinnenstad.nl\/de\/"},{"@type":"ListItem","position":2,"name":"Erreichbarkeit"}]},{"@type":"WebSite","@id":"https:\/\/heldersebinnenstad.nl\/#website","url":"https:\/\/heldersebinnenstad.nl\/","name":"Helderse binnenstad","description":"Op deze website kunt u informatie nalezen die het voor u eenvoudiger maakt om iets op te zoeken in de Helderse binnenstad.","potentialAction":[{"@type":"SearchAction","target":{"@type":"EntryPoint","urlTemplate":"https:\/\/heldersebinnenstad.nl\/?s={search_term_string}"},"query-input":{"@type":"PropertyValueSpecification","valueRequired":true,"valueName":"search_term_string"}}],"inLanguage":"de"}]}},"_links":{"self":[{"href":"https:\/\/heldersebinnenstad.nl\/de\/wp-json\/wp\/v2\/pages\/2860","targetHints":{"allow":["GET"]}}],"collection":[{"href":"https:\/\/heldersebinnenstad.nl\/de\/wp-json\/wp\/v2\/pages"}],"about":[{"href":"https:\/\/heldersebinnenstad.nl\/de\/wp-json\/wp\/v2\/types\/page"}],"author":[{"embeddable":true,"href":"https:\/\/heldersebinnenstad.nl\/de\/wp-json\/wp\/v2\/users\/1"}],"replies":[{"embeddable":true,"href":"https:\/\/heldersebinnenstad.nl\/de\/wp-json\/wp\/v2\/comments?post=2860"}],"version-history":[{"count":4,"href":"https:\/\/heldersebinnenstad.nl\/de\/wp-json\/wp\/v2\/pages\/2860\/revisions"}],"predecessor-version":[{"id":3422,"href":"https:\/\/heldersebinnenstad.nl\/de\/wp-json\/wp\/v2\/pages\/2860\/revisions\/3422"}],"wp:featuredmedia":[{"embeddable":true,"href":"https:\/\/heldersebinnenstad.nl\/de\/wp-json\/wp\/v2\/media\/9142"}],"wp:attachment":[{"href":"https:\/\/heldersebinnenstad.nl\/de\/wp-json\/wp\/v2\/media?parent=2860"}],"curies":[{"name":"wp","href":"https:\/\/api.w.org\/{rel}","templated":true}]}}