{"id":2862,"date":"2019-02-04T14:39:17","date_gmt":"2019-02-04T14:39:17","guid":{"rendered":"http:\/\/heldersebinnenstad.nl\/?page_id=2862"},"modified":"2019-02-21T14:19:20","modified_gmt":"2019-02-21T14:19:20","slug":"binnenstad","status":"publish","type":"page","link":"https:\/\/heldersebinnenstad.nl\/de\/binnenstad\/","title":{"rendered":"Innenstadt"},"content":{"rendered":"<h2>Es wird an einer attraktiven Innenstadt gearbeitet<\/h2>\n<p>In und an Den Helder wird hart gearbeitet. Das kann man gut erkennen, wenn man durchs Zentrum geht. Es werden neue L\u00e4den gebaut, bereits vorhandene Gesch\u00e4fte werden mit einer neuen, modernen Ausstrahlung angepasst. Die \u201cJutter\u201d sind stolz auf ihre Stadt und zeigen auf diverse Arten, dass sie hier ihre Wurzeln haben. Den Helder ist voll in Bewegung. Auch die Ladeninhaber setzen alles daran, damit sich die Besucher hier zu Hause f\u00fchlen. Es werden regelm\u00e4\u00dfig kleine und gro\u00dfe Events veranstaltet. Hierbei kann man an die Marinetage, an die popul\u00e4re Shopping Night und an die Modenschauen denken, die immer gr\u00f6\u00dfer werden und das ist nat\u00fcrlich noch lange nicht alles!<\/p>\n<h2>Attraktive, neu er\u00f6ffnete Gesch\u00e4fte<\/h2>\n<p>Da die Innenstadt jetzt viel moderner aussieht und viele Gesch\u00e4fte ein Facelift bekommen haben, macht das Shoppen noch mehr Spa\u00df. Die neuen Gesch\u00e4fte sind gr\u00f6\u00dfer und strahlen aus, dass hart an der Innenstadt gearbeitet wurde. Nicht nur durch die Gesch\u00e4ftsinhaber, sondern auch durch die Gemeinde.<br \/>\nDie Innenstadt von Den Helder hat eine Vielzahl an Gesch\u00e4ften zu bieten, die sich in der \u201cBeatrixstraat\u201d, der \u201cKeizerstraat\u201d und der \u201cSpoorstraat\u201d konzentrieren. Als Besucher unserer sch\u00f6nen Stadt k\u00f6nnen Sie alle Gesch\u00e4fte vom Bahnhof aus zu Fu\u00df erreichen. Wenn Sie aus dem Bahnhof herauskommen, stehen Sie sofort im Einkaufszentrum. Das ist super praktisch!<\/p>\n<h3>Vielseitiges Angebot<\/h3>\n<p>Das Zentrum von Den Helder verf\u00fcgt auch \u00fcber eine gro\u00dfe Auswahl an Gesch\u00e4ften. Es ist f\u00fcr jeden etwas dabei. Zwischen all den Gesch\u00e4ften gibt es viele M\u00f6glichkeiten, kurz eine Tasse Kaffee zu trinken, Mittag zu essen oder sich eine Kleinigkeit zu essen zu holen. Wenn Sie abends essen gehen m\u00f6chten, ist die Auswahl riesig! Im Zentrum befinden sich Restaurants mit diversen Speisekarten, von Pizza bis hin zu a la Carte. In <a href=\"https:\/\/heldersebinnenstad.nl\/de\/locaties\/\">der \u00dcbersicht auf dieser Webseite<\/a> k\u00f6nnen Sie zu Hause schon aussuchen, wohin Sie gehen m\u00f6chten.<br \/>\nKurzum, die Gesch\u00e4ftsinhaber von Den Helder freuen sich auf Ihren Besuch!<\/p>\n<h3>\u00d6ffnungszeiten Kroonpassage<\/h3>\n<p>Montag 13:00 tot 18.00 uur<br \/>\nDienstag 09.30 tot 18.00 uur<br \/>\nMittwoch 09.30 tot 18.00 uur<br \/>\nDonnerstag 09.30 tot 21:00 uur<br \/>\nFreitag 09.30 tot 18.00 uur<br \/>\nSamstag 09.30 tot 17.00 uur<br \/>\nSonntag 12.00 tot 17.00 uur (letzter Sonntag des Monats)<\/p>\n<p>&nbsp;<\/p>\n","protected":false},"excerpt":{"rendered":"<p>Es wird an einer attraktiven Innenstadt gearbeitet In und an Den Helder wird hart gearbeitet. Das kann man gut erkennen, wenn man durchs Zentrum geht. Es werden neue L\u00e4den gebaut, bereits vorhandene Gesch\u00e4fte werden mit einer neuen, modernen Ausstrahlung angepasst. Die \u201cJutter\u201d sind stolz auf ihre Stadt und zeigen auf diverse Arten, dass sie hier [&hellip;]<\/p>\n","protected":false},"author":1,"featured_media":2121,"parent":0,"menu_order":0,"comment_status":"closed","ping_status":"closed","template":"","meta":{"_acf_changed":false,"footnotes":""},"class_list":["post-2862","page","type-page","status-publish","has-post-thumbnail","hentry"],"acf":[],"yoast_head":"<!-- This site is optimized with the Yoast SEO plugin v26.6 - https:\/\/yoast.com\/wordpress\/plugins\/seo\/ -->\n<title>Innenstadt - Helderse binnenstad<\/title>\n<meta name=\"description\" content=\"De Helderse Binnenstad leeft! Het gehele jaar door zijn er acties en evenementen te beleven in het vernieuwde winkel centrum van de Marinestad. Wees welkom!\" \/>\n<meta name=\"robots\" content=\"index, follow, max-snippet:-1, max-image-preview:large, max-video-preview:-1\" \/>\n<link rel=\"canonical\" href=\"https:\/\/heldersebinnenstad.nl\/de\/binnenstad\/\" \/>\n<meta property=\"og:locale\" content=\"de_DE\" \/>\n<meta property=\"og:type\" content=\"article\" \/>\n<meta property=\"og:title\" content=\"Innenstadt - Helderse binnenstad\" \/>\n<meta property=\"og:description\" content=\"De Helderse Binnenstad leeft! Het gehele jaar door zijn er acties en evenementen te beleven in het vernieuwde winkel centrum van de Marinestad. Wees welkom!\" \/>\n<meta property=\"og:url\" content=\"https:\/\/heldersebinnenstad.nl\/de\/binnenstad\/\" \/>\n<meta property=\"og:site_name\" content=\"Helderse binnenstad\" \/>\n<meta property=\"article:publisher\" content=\"https:\/\/nl-nl.facebook.com\/heldersebinnenstad\" \/>\n<meta property=\"article:modified_time\" content=\"2019-02-21T14:19:20+00:00\" \/>\n<meta property=\"og:image\" content=\"https:\/\/heldersebinnenstad.nl\/wp-content\/uploads\/2018\/10\/Helderse-Binnenstad.jpg\" \/>\n\t<meta property=\"og:image:width\" content=\"900\" \/>\n\t<meta property=\"og:image:height\" content=\"600\" \/>\n\t<meta property=\"og:image:type\" content=\"image\/jpeg\" \/>\n<meta name=\"twitter:card\" content=\"summary_large_image\" \/>\n<meta name=\"twitter:label1\" content=\"Gesch\u00e4tzte Lesezeit\" \/>\n\t<meta name=\"twitter:data1\" content=\"2\u00a0Minuten\" \/>\n<script type=\"application\/ld+json\" class=\"yoast-schema-graph\">{\"@context\":\"https:\/\/schema.org\",\"@graph\":[{\"@type\":\"WebPage\",\"@id\":\"https:\/\/heldersebinnenstad.nl\/de\/binnenstad\/\",\"url\":\"https:\/\/heldersebinnenstad.nl\/de\/binnenstad\/\",\"name\":\"Innenstadt - Helderse binnenstad\",\"isPartOf\":{\"@id\":\"https:\/\/heldersebinnenstad.nl\/#website\"},\"primaryImageOfPage\":{\"@id\":\"https:\/\/heldersebinnenstad.nl\/de\/binnenstad\/#primaryimage\"},\"image\":{\"@id\":\"https:\/\/heldersebinnenstad.nl\/de\/binnenstad\/#primaryimage\"},\"thumbnailUrl\":\"https:\/\/heldersebinnenstad.nl\/wp-content\/uploads\/2018\/10\/Helderse-Binnenstad.jpg\",\"datePublished\":\"2019-02-04T14:39:17+00:00\",\"dateModified\":\"2019-02-21T14:19:20+00:00\",\"description\":\"De Helderse Binnenstad leeft! Het gehele jaar door zijn er acties en evenementen te beleven in het vernieuwde winkel centrum van de Marinestad. Wees welkom!\",\"breadcrumb\":{\"@id\":\"https:\/\/heldersebinnenstad.nl\/de\/binnenstad\/#breadcrumb\"},\"inLanguage\":\"de\",\"potentialAction\":[{\"@type\":\"ReadAction\",\"target\":[\"https:\/\/heldersebinnenstad.nl\/de\/binnenstad\/\"]}]},{\"@type\":\"ImageObject\",\"inLanguage\":\"de\",\"@id\":\"https:\/\/heldersebinnenstad.nl\/de\/binnenstad\/#primaryimage\",\"url\":\"https:\/\/heldersebinnenstad.nl\/wp-content\/uploads\/2018\/10\/Helderse-Binnenstad.jpg\",\"contentUrl\":\"https:\/\/heldersebinnenstad.nl\/wp-content\/uploads\/2018\/10\/Helderse-Binnenstad.jpg\",\"width\":900,\"height\":600},{\"@type\":\"BreadcrumbList\",\"@id\":\"https:\/\/heldersebinnenstad.nl\/de\/binnenstad\/#breadcrumb\",\"itemListElement\":[{\"@type\":\"ListItem\",\"position\":1,\"name\":\"Home\",\"item\":\"https:\/\/heldersebinnenstad.nl\/de\/\"},{\"@type\":\"ListItem\",\"position\":2,\"name\":\"Innenstadt\"}]},{\"@type\":\"WebSite\",\"@id\":\"https:\/\/heldersebinnenstad.nl\/#website\",\"url\":\"https:\/\/heldersebinnenstad.nl\/\",\"name\":\"Helderse binnenstad\",\"description\":\"Op deze website kunt u informatie nalezen die het voor u eenvoudiger maakt om iets op te zoeken in de Helderse binnenstad.\",\"potentialAction\":[{\"@type\":\"SearchAction\",\"target\":{\"@type\":\"EntryPoint\",\"urlTemplate\":\"https:\/\/heldersebinnenstad.nl\/?s={search_term_string}\"},\"query-input\":{\"@type\":\"PropertyValueSpecification\",\"valueRequired\":true,\"valueName\":\"search_term_string\"}}],\"inLanguage\":\"de\"}]}<\/script>\n<!-- \/ Yoast SEO plugin. -->","yoast_head_json":{"title":"Innenstadt - Helderse binnenstad","description":"De Helderse Binnenstad leeft! Het gehele jaar door zijn er acties en evenementen te beleven in het vernieuwde winkel centrum van de Marinestad. Wees welkom!","robots":{"index":"index","follow":"follow","max-snippet":"max-snippet:-1","max-image-preview":"max-image-preview:large","max-video-preview":"max-video-preview:-1"},"canonical":"https:\/\/heldersebinnenstad.nl\/de\/binnenstad\/","og_locale":"de_DE","og_type":"article","og_title":"Innenstadt - Helderse binnenstad","og_description":"De Helderse Binnenstad leeft! Het gehele jaar door zijn er acties en evenementen te beleven in het vernieuwde winkel centrum van de Marinestad. Wees welkom!","og_url":"https:\/\/heldersebinnenstad.nl\/de\/binnenstad\/","og_site_name":"Helderse binnenstad","article_publisher":"https:\/\/nl-nl.facebook.com\/heldersebinnenstad","article_modified_time":"2019-02-21T14:19:20+00:00","og_image":[{"width":900,"height":600,"url":"https:\/\/heldersebinnenstad.nl\/wp-content\/uploads\/2018\/10\/Helderse-Binnenstad.jpg","type":"image\/jpeg"}],"twitter_card":"summary_large_image","twitter_misc":{"Gesch\u00e4tzte Lesezeit":"2\u00a0Minuten"},"schema":{"@context":"https:\/\/schema.org","@graph":[{"@type":"WebPage","@id":"https:\/\/heldersebinnenstad.nl\/de\/binnenstad\/","url":"https:\/\/heldersebinnenstad.nl\/de\/binnenstad\/","name":"Innenstadt - Helderse binnenstad","isPartOf":{"@id":"https:\/\/heldersebinnenstad.nl\/#website"},"primaryImageOfPage":{"@id":"https:\/\/heldersebinnenstad.nl\/de\/binnenstad\/#primaryimage"},"image":{"@id":"https:\/\/heldersebinnenstad.nl\/de\/binnenstad\/#primaryimage"},"thumbnailUrl":"https:\/\/heldersebinnenstad.nl\/wp-content\/uploads\/2018\/10\/Helderse-Binnenstad.jpg","datePublished":"2019-02-04T14:39:17+00:00","dateModified":"2019-02-21T14:19:20+00:00","description":"De Helderse Binnenstad leeft! Het gehele jaar door zijn er acties en evenementen te beleven in het vernieuwde winkel centrum van de Marinestad. Wees welkom!","breadcrumb":{"@id":"https:\/\/heldersebinnenstad.nl\/de\/binnenstad\/#breadcrumb"},"inLanguage":"de","potentialAction":[{"@type":"ReadAction","target":["https:\/\/heldersebinnenstad.nl\/de\/binnenstad\/"]}]},{"@type":"ImageObject","inLanguage":"de","@id":"https:\/\/heldersebinnenstad.nl\/de\/binnenstad\/#primaryimage","url":"https:\/\/heldersebinnenstad.nl\/wp-content\/uploads\/2018\/10\/Helderse-Binnenstad.jpg","contentUrl":"https:\/\/heldersebinnenstad.nl\/wp-content\/uploads\/2018\/10\/Helderse-Binnenstad.jpg","width":900,"height":600},{"@type":"BreadcrumbList","@id":"https:\/\/heldersebinnenstad.nl\/de\/binnenstad\/#breadcrumb","itemListElement":[{"@type":"ListItem","position":1,"name":"Home","item":"https:\/\/heldersebinnenstad.nl\/de\/"},{"@type":"ListItem","position":2,"name":"Innenstadt"}]},{"@type":"WebSite","@id":"https:\/\/heldersebinnenstad.nl\/#website","url":"https:\/\/heldersebinnenstad.nl\/","name":"Helderse binnenstad","description":"Op deze website kunt u informatie nalezen die het voor u eenvoudiger maakt om iets op te zoeken in de Helderse binnenstad.","potentialAction":[{"@type":"SearchAction","target":{"@type":"EntryPoint","urlTemplate":"https:\/\/heldersebinnenstad.nl\/?s={search_term_string}"},"query-input":{"@type":"PropertyValueSpecification","valueRequired":true,"valueName":"search_term_string"}}],"inLanguage":"de"}]}},"_links":{"self":[{"href":"https:\/\/heldersebinnenstad.nl\/de\/wp-json\/wp\/v2\/pages\/2862","targetHints":{"allow":["GET"]}}],"collection":[{"href":"https:\/\/heldersebinnenstad.nl\/de\/wp-json\/wp\/v2\/pages"}],"about":[{"href":"https:\/\/heldersebinnenstad.nl\/de\/wp-json\/wp\/v2\/types\/page"}],"author":[{"embeddable":true,"href":"https:\/\/heldersebinnenstad.nl\/de\/wp-json\/wp\/v2\/users\/1"}],"replies":[{"embeddable":true,"href":"https:\/\/heldersebinnenstad.nl\/de\/wp-json\/wp\/v2\/comments?post=2862"}],"version-history":[{"count":7,"href":"https:\/\/heldersebinnenstad.nl\/de\/wp-json\/wp\/v2\/pages\/2862\/revisions"}],"predecessor-version":[{"id":3446,"href":"https:\/\/heldersebinnenstad.nl\/de\/wp-json\/wp\/v2\/pages\/2862\/revisions\/3446"}],"wp:featuredmedia":[{"embeddable":true,"href":"https:\/\/heldersebinnenstad.nl\/de\/wp-json\/wp\/v2\/media\/2121"}],"wp:attachment":[{"href":"https:\/\/heldersebinnenstad.nl\/de\/wp-json\/wp\/v2\/media?parent=2862"}],"curies":[{"name":"wp","href":"https:\/\/api.w.org\/{rel}","templated":true}]}}