{"id":2866,"date":"2019-02-04T14:40:17","date_gmt":"2019-02-04T14:40:17","guid":{"rendered":"http:\/\/heldersebinnenstad.nl\/?page_id=2866"},"modified":"2019-02-20T18:02:11","modified_gmt":"2019-02-20T18:02:11","slug":"eten-drinken","status":"publish","type":"page","link":"https:\/\/heldersebinnenstad.nl\/de\/eten-drinken\/","title":{"rendered":"Essen und Trinken"},"content":{"rendered":"<h2>Machen Sie beim Shoppen in der Innenstadt von Den Helder eine Pause!<\/h2>\n<p>Nach all dem Shoppen m\u00f6chten Sie als Besucher auch ein bisschen Zeit f\u00fcr ein k\u00f6stliches Mittagessen, einen Brunch oder einfach nur eine gute Tasse Kaffee oder Tee haben.<br \/>\nIn der Innenstadt von Den Helder kommen Sie voll auf Ihre Kosten. Die Gastronomie ist in den Einkaufspassagen stark vertreten. Hier gibt es Restaurants, Brasserien und andere Essgelegenheiten zwischen den diversen Gesch\u00e4ften. Wer das ber\u00fchmte <a href=\"http:\/\/heldersebinnenstad.nl\/willemsoord\/\" target=\"_blank\" rel=\"noopener\">Willemsoord<\/a> besucht, kann auch hier das immer gr\u00f6\u00dfer werdende Restaurantangebot genie\u00dfen.<\/p>\n<h2>Welche Vorliebe f\u00fcr ein bestimmtes Restaurant Sie auch haben &#8230;<\/h2>\n<p>Die Gastronomie ist gut \u00fcber die Innenstadt aber auch in Richtung Hafen und im Hafen von<br \/>\nDen Helder verteilt. Hier treffen Sie viele Essgelegenheiten an. In der \u201cBeatrixstraat\u201d gibt es diverse Restaurants mit den unterschiedlichsten Speisekarten. Es ist einfach f\u00fcr jeden etwas dabei. M\u00f6chten Sie chinesisch essen oder haben Sie Appetit auf eine Pizza? M\u00f6chten Sie lieber ein k\u00f6stliches St\u00fcckchen Fisch oder ein leckeres, zartes Beefsteak? Das Angebot ist divers.<br \/>\nAuch w\u00e4hrend der Events, die in der Innenstadt stattfinden, ist die Gastronomie gut vertreten.<\/p>\n<p>Dann gibt es regelm\u00e4\u00dfig spezielle Men\u00fcs. Diese k\u00f6nnen Sie sich auf den Webseiten der betreffenden Restaurants ansehen.<br \/>\nIn der Innenstadt von Den Helder sind Sie also nicht nur richtig, wenn Sie shoppen m\u00f6chten, sondern auch, wenn Sie ausgiebig Mittag essen oder dinieren m\u00f6chten!<\/p>\n","protected":false},"excerpt":{"rendered":"<p>Machen Sie beim Shoppen in der Innenstadt von Den Helder eine Pause! Nach all dem Shoppen m\u00f6chten Sie als Besucher auch ein bisschen Zeit f\u00fcr ein k\u00f6stliches Mittagessen, einen Brunch oder einfach nur eine gute Tasse Kaffee oder Tee haben. In der Innenstadt von Den Helder kommen Sie voll auf Ihre Kosten. Die Gastronomie ist [&hellip;]<\/p>\n","protected":false},"author":1,"featured_media":9139,"parent":0,"menu_order":0,"comment_status":"closed","ping_status":"closed","template":"","meta":{"_acf_changed":false,"footnotes":""},"class_list":["post-2866","page","type-page","status-publish","has-post-thumbnail","hentry"],"acf":[],"yoast_head":"<!-- This site is optimized with the Yoast SEO plugin v26.6 - https:\/\/yoast.com\/wordpress\/plugins\/seo\/ -->\n<title>Essen und Trinken - Helderse binnenstad<\/title>\n<meta name=\"description\" content=\"De Helderse Binnenstad leeft! Het gehele jaar door zijn er acties en evenementen te beleven in het vernieuwde winkel centrum van de Marinestad. Wees welkom!\" \/>\n<meta name=\"robots\" content=\"index, follow, max-snippet:-1, max-image-preview:large, max-video-preview:-1\" \/>\n<link rel=\"canonical\" href=\"https:\/\/heldersebinnenstad.nl\/de\/eten-drinken\/\" \/>\n<meta property=\"og:locale\" content=\"de_DE\" \/>\n<meta property=\"og:type\" content=\"article\" \/>\n<meta property=\"og:title\" content=\"Essen und Trinken - Helderse binnenstad\" \/>\n<meta property=\"og:description\" content=\"De Helderse Binnenstad leeft! Het gehele jaar door zijn er acties en evenementen te beleven in het vernieuwde winkel centrum van de Marinestad. Wees welkom!\" \/>\n<meta property=\"og:url\" content=\"https:\/\/heldersebinnenstad.nl\/de\/eten-drinken\/\" \/>\n<meta property=\"og:site_name\" content=\"Helderse binnenstad\" \/>\n<meta property=\"article:publisher\" content=\"https:\/\/nl-nl.facebook.com\/heldersebinnenstad\" \/>\n<meta property=\"article:modified_time\" content=\"2019-02-20T18:02:11+00:00\" \/>\n<meta property=\"og:image\" content=\"https:\/\/heldersebinnenstad.nl\/wp-content\/uploads\/2022\/01\/eten-en-drinken-in-Den-Helder.jpg\" \/>\n\t<meta property=\"og:image:width\" content=\"1280\" \/>\n\t<meta property=\"og:image:height\" content=\"600\" \/>\n\t<meta property=\"og:image:type\" content=\"image\/jpeg\" \/>\n<meta name=\"twitter:card\" content=\"summary_large_image\" \/>\n<meta name=\"twitter:label1\" content=\"Gesch\u00e4tzte Lesezeit\" \/>\n\t<meta name=\"twitter:data1\" content=\"1\u00a0Minute\" \/>\n<script type=\"application\/ld+json\" class=\"yoast-schema-graph\">{\"@context\":\"https:\/\/schema.org\",\"@graph\":[{\"@type\":\"WebPage\",\"@id\":\"https:\/\/heldersebinnenstad.nl\/de\/eten-drinken\/\",\"url\":\"https:\/\/heldersebinnenstad.nl\/de\/eten-drinken\/\",\"name\":\"Essen und Trinken - Helderse binnenstad\",\"isPartOf\":{\"@id\":\"https:\/\/heldersebinnenstad.nl\/#website\"},\"primaryImageOfPage\":{\"@id\":\"https:\/\/heldersebinnenstad.nl\/de\/eten-drinken\/#primaryimage\"},\"image\":{\"@id\":\"https:\/\/heldersebinnenstad.nl\/de\/eten-drinken\/#primaryimage\"},\"thumbnailUrl\":\"https:\/\/heldersebinnenstad.nl\/wp-content\/uploads\/2022\/01\/eten-en-drinken-in-Den-Helder.jpg\",\"datePublished\":\"2019-02-04T14:40:17+00:00\",\"dateModified\":\"2019-02-20T18:02:11+00:00\",\"description\":\"De Helderse Binnenstad leeft! Het gehele jaar door zijn er acties en evenementen te beleven in het vernieuwde winkel centrum van de Marinestad. Wees welkom!\",\"breadcrumb\":{\"@id\":\"https:\/\/heldersebinnenstad.nl\/de\/eten-drinken\/#breadcrumb\"},\"inLanguage\":\"de\",\"potentialAction\":[{\"@type\":\"ReadAction\",\"target\":[\"https:\/\/heldersebinnenstad.nl\/de\/eten-drinken\/\"]}]},{\"@type\":\"ImageObject\",\"inLanguage\":\"de\",\"@id\":\"https:\/\/heldersebinnenstad.nl\/de\/eten-drinken\/#primaryimage\",\"url\":\"https:\/\/heldersebinnenstad.nl\/wp-content\/uploads\/2022\/01\/eten-en-drinken-in-Den-Helder.jpg\",\"contentUrl\":\"https:\/\/heldersebinnenstad.nl\/wp-content\/uploads\/2022\/01\/eten-en-drinken-in-Den-Helder.jpg\",\"width\":1280,\"height\":600,\"caption\":\"eten en drinken\"},{\"@type\":\"BreadcrumbList\",\"@id\":\"https:\/\/heldersebinnenstad.nl\/de\/eten-drinken\/#breadcrumb\",\"itemListElement\":[{\"@type\":\"ListItem\",\"position\":1,\"name\":\"Home\",\"item\":\"https:\/\/heldersebinnenstad.nl\/de\/\"},{\"@type\":\"ListItem\",\"position\":2,\"name\":\"Essen und Trinken\"}]},{\"@type\":\"WebSite\",\"@id\":\"https:\/\/heldersebinnenstad.nl\/#website\",\"url\":\"https:\/\/heldersebinnenstad.nl\/\",\"name\":\"Helderse binnenstad\",\"description\":\"Op deze website kunt u informatie nalezen die het voor u eenvoudiger maakt om iets op te zoeken in de Helderse binnenstad.\",\"potentialAction\":[{\"@type\":\"SearchAction\",\"target\":{\"@type\":\"EntryPoint\",\"urlTemplate\":\"https:\/\/heldersebinnenstad.nl\/?s={search_term_string}\"},\"query-input\":{\"@type\":\"PropertyValueSpecification\",\"valueRequired\":true,\"valueName\":\"search_term_string\"}}],\"inLanguage\":\"de\"}]}<\/script>\n<!-- \/ Yoast SEO plugin. -->","yoast_head_json":{"title":"Essen und Trinken - Helderse binnenstad","description":"De Helderse Binnenstad leeft! Het gehele jaar door zijn er acties en evenementen te beleven in het vernieuwde winkel centrum van de Marinestad. Wees welkom!","robots":{"index":"index","follow":"follow","max-snippet":"max-snippet:-1","max-image-preview":"max-image-preview:large","max-video-preview":"max-video-preview:-1"},"canonical":"https:\/\/heldersebinnenstad.nl\/de\/eten-drinken\/","og_locale":"de_DE","og_type":"article","og_title":"Essen und Trinken - Helderse binnenstad","og_description":"De Helderse Binnenstad leeft! Het gehele jaar door zijn er acties en evenementen te beleven in het vernieuwde winkel centrum van de Marinestad. Wees welkom!","og_url":"https:\/\/heldersebinnenstad.nl\/de\/eten-drinken\/","og_site_name":"Helderse binnenstad","article_publisher":"https:\/\/nl-nl.facebook.com\/heldersebinnenstad","article_modified_time":"2019-02-20T18:02:11+00:00","og_image":[{"width":1280,"height":600,"url":"https:\/\/heldersebinnenstad.nl\/wp-content\/uploads\/2022\/01\/eten-en-drinken-in-Den-Helder.jpg","type":"image\/jpeg"}],"twitter_card":"summary_large_image","twitter_misc":{"Gesch\u00e4tzte Lesezeit":"1\u00a0Minute"},"schema":{"@context":"https:\/\/schema.org","@graph":[{"@type":"WebPage","@id":"https:\/\/heldersebinnenstad.nl\/de\/eten-drinken\/","url":"https:\/\/heldersebinnenstad.nl\/de\/eten-drinken\/","name":"Essen und Trinken - Helderse binnenstad","isPartOf":{"@id":"https:\/\/heldersebinnenstad.nl\/#website"},"primaryImageOfPage":{"@id":"https:\/\/heldersebinnenstad.nl\/de\/eten-drinken\/#primaryimage"},"image":{"@id":"https:\/\/heldersebinnenstad.nl\/de\/eten-drinken\/#primaryimage"},"thumbnailUrl":"https:\/\/heldersebinnenstad.nl\/wp-content\/uploads\/2022\/01\/eten-en-drinken-in-Den-Helder.jpg","datePublished":"2019-02-04T14:40:17+00:00","dateModified":"2019-02-20T18:02:11+00:00","description":"De Helderse Binnenstad leeft! Het gehele jaar door zijn er acties en evenementen te beleven in het vernieuwde winkel centrum van de Marinestad. Wees welkom!","breadcrumb":{"@id":"https:\/\/heldersebinnenstad.nl\/de\/eten-drinken\/#breadcrumb"},"inLanguage":"de","potentialAction":[{"@type":"ReadAction","target":["https:\/\/heldersebinnenstad.nl\/de\/eten-drinken\/"]}]},{"@type":"ImageObject","inLanguage":"de","@id":"https:\/\/heldersebinnenstad.nl\/de\/eten-drinken\/#primaryimage","url":"https:\/\/heldersebinnenstad.nl\/wp-content\/uploads\/2022\/01\/eten-en-drinken-in-Den-Helder.jpg","contentUrl":"https:\/\/heldersebinnenstad.nl\/wp-content\/uploads\/2022\/01\/eten-en-drinken-in-Den-Helder.jpg","width":1280,"height":600,"caption":"eten en drinken"},{"@type":"BreadcrumbList","@id":"https:\/\/heldersebinnenstad.nl\/de\/eten-drinken\/#breadcrumb","itemListElement":[{"@type":"ListItem","position":1,"name":"Home","item":"https:\/\/heldersebinnenstad.nl\/de\/"},{"@type":"ListItem","position":2,"name":"Essen und Trinken"}]},{"@type":"WebSite","@id":"https:\/\/heldersebinnenstad.nl\/#website","url":"https:\/\/heldersebinnenstad.nl\/","name":"Helderse binnenstad","description":"Op deze website kunt u informatie nalezen die het voor u eenvoudiger maakt om iets op te zoeken in de Helderse binnenstad.","potentialAction":[{"@type":"SearchAction","target":{"@type":"EntryPoint","urlTemplate":"https:\/\/heldersebinnenstad.nl\/?s={search_term_string}"},"query-input":{"@type":"PropertyValueSpecification","valueRequired":true,"valueName":"search_term_string"}}],"inLanguage":"de"}]}},"_links":{"self":[{"href":"https:\/\/heldersebinnenstad.nl\/de\/wp-json\/wp\/v2\/pages\/2866","targetHints":{"allow":["GET"]}}],"collection":[{"href":"https:\/\/heldersebinnenstad.nl\/de\/wp-json\/wp\/v2\/pages"}],"about":[{"href":"https:\/\/heldersebinnenstad.nl\/de\/wp-json\/wp\/v2\/types\/page"}],"author":[{"embeddable":true,"href":"https:\/\/heldersebinnenstad.nl\/de\/wp-json\/wp\/v2\/users\/1"}],"replies":[{"embeddable":true,"href":"https:\/\/heldersebinnenstad.nl\/de\/wp-json\/wp\/v2\/comments?post=2866"}],"version-history":[{"count":3,"href":"https:\/\/heldersebinnenstad.nl\/de\/wp-json\/wp\/v2\/pages\/2866\/revisions"}],"predecessor-version":[{"id":3419,"href":"https:\/\/heldersebinnenstad.nl\/de\/wp-json\/wp\/v2\/pages\/2866\/revisions\/3419"}],"wp:featuredmedia":[{"embeddable":true,"href":"https:\/\/heldersebinnenstad.nl\/de\/wp-json\/wp\/v2\/media\/9139"}],"wp:attachment":[{"href":"https:\/\/heldersebinnenstad.nl\/de\/wp-json\/wp\/v2\/media?parent=2866"}],"curies":[{"name":"wp","href":"https:\/\/api.w.org\/{rel}","templated":true}]}}