{"id":2870,"date":"2019-02-04T14:41:07","date_gmt":"2019-02-04T14:41:07","guid":{"rendered":"http:\/\/heldersebinnenstad.nl\/?page_id=2870"},"modified":"2019-02-20T17:55:39","modified_gmt":"2019-02-20T17:55:39","slug":"kroonpassage","status":"publish","type":"page","link":"https:\/\/heldersebinnenstad.nl\/de\/kroonpassage\/","title":{"rendered":"Kroonpassage"},"content":{"rendered":"<h2>Herrlich \u00fcberdacht shoppen in der \u201cKroonpassage\u201d<\/h2>\n<p>Die \u201cKroonpassage\u201d ist ein \u00fcberdachtes Einkaufszentrum, das sich mitten im Zentrum befindet. Das Einkaufszentrum hat 20 Gesch\u00e4fte unter einem Dach. Hier ist f\u00fcr jeden etwas dabei! Bekleidungsgesch\u00e4fte, Optiker, Schuhgesch\u00e4fte, Telekom, Superm\u00e4rkte, Parf\u00fcmerien und ein Reiseb\u00fcro. Die meisten Gesch\u00e4fte haben von 09.00-18.00 Uhr ge\u00f6ffnet. Auf der Webseite der \u201cKroonpassage\u201d k\u00f6nnen Sie genau nachlesen, welche Gesch\u00e4fte andere \u00d6ffnungszeiten haben.<\/p>\n<h2>Alles unter einem Dach<\/h2>\n<p>Der gro\u00dfe Vorteil ist, dass Sie prima \u00fcberdacht shoppen k\u00f6nnen, wenn das Wetter in Den Helder nicht gerade dazu einl\u00e4dt, vor die T\u00fcr zu gehen. Vom Bahnhof aus k\u00f6nnen Sie die Stra\u00dfe \u00fcberqueren und direkt neben dem HEMA in die \u201cKroonpassage\u201d hineingehen.<br \/>\nDas Einkaufszentrum hat drei Eing\u00e4nge, bei der \u201cBeatrixstraat\u201d, bei der \u201cSpoorstraat\u201d und bei der \u201cKerkstraat\u201d. Demzufolge ist es egal, aus welcher Richtung Sie kommen. Da das Einkaufszentrum sich im Zentrum befindet, gelangen Sie von hier aus gleich in die anderen Einkaufsstra\u00dfen. Jeden letzten Sonntag des Monats gibt es einen verkaufsoffenen Sonntag in Den Helder. Nat\u00fcrlich hat die \u201cKroonpassage\u201d dann auch ge\u00f6ffnet. Das gilt in diesem Fall aber nicht f\u00fcr alle Gesch\u00e4fte. Lesen Sie die aktuellen Informationen vor einem Besuch auf der Webseite der \u201cKroonpassage\u201d.<\/p>\n<p>Sonnabends und sonntags gibt es regelm\u00e4\u00dfig spezielle Aktionen. Dabei kann man an Schnitzeljagden f\u00fcr Kinder, besondere Osterevents und Modenschauen denken. Die Gesch\u00e4fte haben nat\u00fcrlich ihre eigenen, individuellen Aktionen. Das ganze Jahr \u00fcber wird die Dekoration des Einkaufszentrums an die Jahreszeiten angepasst. W\u00e4hrend der Feiertage ist die Atmosph\u00e4re dank der Dekoration und der dazu passenden Musik einfach herrlich.<br \/>\nSogar Sinterklaas und der Weihnachtsmann kommen dann zu Besuch. Auch f\u00fcr die ganz Kleinen gibt es immer etwas zu erleben.<\/p>\n<h3>Einen Besuch wert!<\/h3>\n<p>Kurzum, wenn Sie die Innenstadt von Den Helder besuchen, sollten Sie die \u201cKroonpassage\u201d nicht auslassen. Diese ist gro\u00df, \u00fcbersichtlich und hat viele Gesch\u00e4fte. M\u00f6chten Sie hinsichtlich der Aktionen und Events auf dem aktuellen Stand bleiben? Sehen Sie sich dann auch die <a href=\"http:\/\/www.facebook.com\/heldersebinnenstad\" target=\"_blank\" rel=\"noopener\">Facebookseite<\/a> an. Hier werden Sie regelm\u00e4\u00dfig like &amp; win-Aktionen finden. Wenn Sie doch schon da sind, k\u00f6nnen Sie auch einen like hinterlassen. Auf Wiedersehen in der \u201cKroonpassage\u201d von Den Helder!<\/p>\n","protected":false},"excerpt":{"rendered":"<p>Herrlich \u00fcberdacht shoppen in der \u201cKroonpassage\u201d Die \u201cKroonpassage\u201d ist ein \u00fcberdachtes Einkaufszentrum, das sich mitten im Zentrum befindet. Das Einkaufszentrum hat 20 Gesch\u00e4fte unter einem Dach. Hier ist f\u00fcr jeden etwas dabei! Bekleidungsgesch\u00e4fte, Optiker, Schuhgesch\u00e4fte, Telekom, Superm\u00e4rkte, Parf\u00fcmerien und ein Reiseb\u00fcro. Die meisten Gesch\u00e4fte haben von 09.00-18.00 Uhr ge\u00f6ffnet. Auf der Webseite der \u201cKroonpassage\u201d k\u00f6nnen [&hellip;]<\/p>\n","protected":false},"author":1,"featured_media":9181,"parent":0,"menu_order":0,"comment_status":"closed","ping_status":"closed","template":"","meta":{"_acf_changed":false,"footnotes":""},"class_list":["post-2870","page","type-page","status-publish","has-post-thumbnail","hentry"],"acf":[],"yoast_head":"<!-- This site is optimized with the Yoast SEO plugin v26.6 - https:\/\/yoast.com\/wordpress\/plugins\/seo\/ -->\n<title>Kroonpassage - Helderse binnenstad<\/title>\n<meta name=\"description\" content=\"De Helderse Binnenstad leeft! Het gehele jaar door zijn er acties en evenementen te beleven in het vernieuwde winkel centrum van de Marinestad. Wees welkom!\" \/>\n<meta name=\"robots\" content=\"index, follow, max-snippet:-1, max-image-preview:large, max-video-preview:-1\" \/>\n<link rel=\"canonical\" href=\"https:\/\/heldersebinnenstad.nl\/de\/kroonpassage\/\" \/>\n<meta property=\"og:locale\" content=\"de_DE\" \/>\n<meta property=\"og:type\" content=\"article\" \/>\n<meta property=\"og:title\" content=\"Kroonpassage - Helderse binnenstad\" \/>\n<meta property=\"og:description\" content=\"De Helderse Binnenstad leeft! Het gehele jaar door zijn er acties en evenementen te beleven in het vernieuwde winkel centrum van de Marinestad. Wees welkom!\" \/>\n<meta property=\"og:url\" content=\"https:\/\/heldersebinnenstad.nl\/de\/kroonpassage\/\" \/>\n<meta property=\"og:site_name\" content=\"Helderse binnenstad\" \/>\n<meta property=\"article:publisher\" content=\"https:\/\/nl-nl.facebook.com\/heldersebinnenstad\" \/>\n<meta property=\"article:modified_time\" content=\"2019-02-20T17:55:39+00:00\" \/>\n<meta property=\"og:image\" content=\"https:\/\/heldersebinnenstad.nl\/wp-content\/uploads\/2018\/10\/Kroonpassage.jpg\" \/>\n\t<meta property=\"og:image:width\" content=\"900\" \/>\n\t<meta property=\"og:image:height\" content=\"600\" \/>\n\t<meta property=\"og:image:type\" content=\"image\/jpeg\" \/>\n<meta name=\"twitter:card\" content=\"summary_large_image\" \/>\n<meta name=\"twitter:label1\" content=\"Gesch\u00e4tzte Lesezeit\" \/>\n\t<meta name=\"twitter:data1\" content=\"2\u00a0Minuten\" \/>\n<script type=\"application\/ld+json\" class=\"yoast-schema-graph\">{\"@context\":\"https:\/\/schema.org\",\"@graph\":[{\"@type\":\"WebPage\",\"@id\":\"https:\/\/heldersebinnenstad.nl\/de\/kroonpassage\/\",\"url\":\"https:\/\/heldersebinnenstad.nl\/de\/kroonpassage\/\",\"name\":\"Kroonpassage - Helderse binnenstad\",\"isPartOf\":{\"@id\":\"https:\/\/heldersebinnenstad.nl\/#website\"},\"primaryImageOfPage\":{\"@id\":\"https:\/\/heldersebinnenstad.nl\/de\/kroonpassage\/#primaryimage\"},\"image\":{\"@id\":\"https:\/\/heldersebinnenstad.nl\/de\/kroonpassage\/#primaryimage\"},\"thumbnailUrl\":\"https:\/\/heldersebinnenstad.nl\/wp-content\/uploads\/2022\/01\/Kroonpassage-Helderse-binnenstad.jpg\",\"datePublished\":\"2019-02-04T14:41:07+00:00\",\"dateModified\":\"2019-02-20T17:55:39+00:00\",\"description\":\"De Helderse Binnenstad leeft! Het gehele jaar door zijn er acties en evenementen te beleven in het vernieuwde winkel centrum van de Marinestad. Wees welkom!\",\"breadcrumb\":{\"@id\":\"https:\/\/heldersebinnenstad.nl\/de\/kroonpassage\/#breadcrumb\"},\"inLanguage\":\"de\",\"potentialAction\":[{\"@type\":\"ReadAction\",\"target\":[\"https:\/\/heldersebinnenstad.nl\/de\/kroonpassage\/\"]}]},{\"@type\":\"ImageObject\",\"inLanguage\":\"de\",\"@id\":\"https:\/\/heldersebinnenstad.nl\/de\/kroonpassage\/#primaryimage\",\"url\":\"https:\/\/heldersebinnenstad.nl\/wp-content\/uploads\/2022\/01\/Kroonpassage-Helderse-binnenstad.jpg\",\"contentUrl\":\"https:\/\/heldersebinnenstad.nl\/wp-content\/uploads\/2022\/01\/Kroonpassage-Helderse-binnenstad.jpg\",\"width\":1200,\"height\":600,\"caption\":\"Kroonpassage\"},{\"@type\":\"BreadcrumbList\",\"@id\":\"https:\/\/heldersebinnenstad.nl\/de\/kroonpassage\/#breadcrumb\",\"itemListElement\":[{\"@type\":\"ListItem\",\"position\":1,\"name\":\"Home\",\"item\":\"https:\/\/heldersebinnenstad.nl\/de\/\"},{\"@type\":\"ListItem\",\"position\":2,\"name\":\"Kroonpassage\"}]},{\"@type\":\"WebSite\",\"@id\":\"https:\/\/heldersebinnenstad.nl\/#website\",\"url\":\"https:\/\/heldersebinnenstad.nl\/\",\"name\":\"Helderse binnenstad\",\"description\":\"Op deze website kunt u informatie nalezen die het voor u eenvoudiger maakt om iets op te zoeken in de Helderse binnenstad.\",\"potentialAction\":[{\"@type\":\"SearchAction\",\"target\":{\"@type\":\"EntryPoint\",\"urlTemplate\":\"https:\/\/heldersebinnenstad.nl\/?s={search_term_string}\"},\"query-input\":{\"@type\":\"PropertyValueSpecification\",\"valueRequired\":true,\"valueName\":\"search_term_string\"}}],\"inLanguage\":\"de\"}]}<\/script>\n<!-- \/ Yoast SEO plugin. -->","yoast_head_json":{"title":"Kroonpassage - Helderse binnenstad","description":"De Helderse Binnenstad leeft! Het gehele jaar door zijn er acties en evenementen te beleven in het vernieuwde winkel centrum van de Marinestad. Wees welkom!","robots":{"index":"index","follow":"follow","max-snippet":"max-snippet:-1","max-image-preview":"max-image-preview:large","max-video-preview":"max-video-preview:-1"},"canonical":"https:\/\/heldersebinnenstad.nl\/de\/kroonpassage\/","og_locale":"de_DE","og_type":"article","og_title":"Kroonpassage - Helderse binnenstad","og_description":"De Helderse Binnenstad leeft! Het gehele jaar door zijn er acties en evenementen te beleven in het vernieuwde winkel centrum van de Marinestad. Wees welkom!","og_url":"https:\/\/heldersebinnenstad.nl\/de\/kroonpassage\/","og_site_name":"Helderse binnenstad","article_publisher":"https:\/\/nl-nl.facebook.com\/heldersebinnenstad","article_modified_time":"2019-02-20T17:55:39+00:00","og_image":[{"width":900,"height":600,"url":"https:\/\/heldersebinnenstad.nl\/wp-content\/uploads\/2018\/10\/Kroonpassage.jpg","type":"image\/jpeg"}],"twitter_card":"summary_large_image","twitter_misc":{"Gesch\u00e4tzte Lesezeit":"2\u00a0Minuten"},"schema":{"@context":"https:\/\/schema.org","@graph":[{"@type":"WebPage","@id":"https:\/\/heldersebinnenstad.nl\/de\/kroonpassage\/","url":"https:\/\/heldersebinnenstad.nl\/de\/kroonpassage\/","name":"Kroonpassage - Helderse binnenstad","isPartOf":{"@id":"https:\/\/heldersebinnenstad.nl\/#website"},"primaryImageOfPage":{"@id":"https:\/\/heldersebinnenstad.nl\/de\/kroonpassage\/#primaryimage"},"image":{"@id":"https:\/\/heldersebinnenstad.nl\/de\/kroonpassage\/#primaryimage"},"thumbnailUrl":"https:\/\/heldersebinnenstad.nl\/wp-content\/uploads\/2022\/01\/Kroonpassage-Helderse-binnenstad.jpg","datePublished":"2019-02-04T14:41:07+00:00","dateModified":"2019-02-20T17:55:39+00:00","description":"De Helderse Binnenstad leeft! Het gehele jaar door zijn er acties en evenementen te beleven in het vernieuwde winkel centrum van de Marinestad. Wees welkom!","breadcrumb":{"@id":"https:\/\/heldersebinnenstad.nl\/de\/kroonpassage\/#breadcrumb"},"inLanguage":"de","potentialAction":[{"@type":"ReadAction","target":["https:\/\/heldersebinnenstad.nl\/de\/kroonpassage\/"]}]},{"@type":"ImageObject","inLanguage":"de","@id":"https:\/\/heldersebinnenstad.nl\/de\/kroonpassage\/#primaryimage","url":"https:\/\/heldersebinnenstad.nl\/wp-content\/uploads\/2022\/01\/Kroonpassage-Helderse-binnenstad.jpg","contentUrl":"https:\/\/heldersebinnenstad.nl\/wp-content\/uploads\/2022\/01\/Kroonpassage-Helderse-binnenstad.jpg","width":1200,"height":600,"caption":"Kroonpassage"},{"@type":"BreadcrumbList","@id":"https:\/\/heldersebinnenstad.nl\/de\/kroonpassage\/#breadcrumb","itemListElement":[{"@type":"ListItem","position":1,"name":"Home","item":"https:\/\/heldersebinnenstad.nl\/de\/"},{"@type":"ListItem","position":2,"name":"Kroonpassage"}]},{"@type":"WebSite","@id":"https:\/\/heldersebinnenstad.nl\/#website","url":"https:\/\/heldersebinnenstad.nl\/","name":"Helderse binnenstad","description":"Op deze website kunt u informatie nalezen die het voor u eenvoudiger maakt om iets op te zoeken in de Helderse binnenstad.","potentialAction":[{"@type":"SearchAction","target":{"@type":"EntryPoint","urlTemplate":"https:\/\/heldersebinnenstad.nl\/?s={search_term_string}"},"query-input":{"@type":"PropertyValueSpecification","valueRequired":true,"valueName":"search_term_string"}}],"inLanguage":"de"}]}},"_links":{"self":[{"href":"https:\/\/heldersebinnenstad.nl\/de\/wp-json\/wp\/v2\/pages\/2870","targetHints":{"allow":["GET"]}}],"collection":[{"href":"https:\/\/heldersebinnenstad.nl\/de\/wp-json\/wp\/v2\/pages"}],"about":[{"href":"https:\/\/heldersebinnenstad.nl\/de\/wp-json\/wp\/v2\/types\/page"}],"author":[{"embeddable":true,"href":"https:\/\/heldersebinnenstad.nl\/de\/wp-json\/wp\/v2\/users\/1"}],"replies":[{"embeddable":true,"href":"https:\/\/heldersebinnenstad.nl\/de\/wp-json\/wp\/v2\/comments?post=2870"}],"version-history":[{"count":3,"href":"https:\/\/heldersebinnenstad.nl\/de\/wp-json\/wp\/v2\/pages\/2870\/revisions"}],"predecessor-version":[{"id":3415,"href":"https:\/\/heldersebinnenstad.nl\/de\/wp-json\/wp\/v2\/pages\/2870\/revisions\/3415"}],"wp:featuredmedia":[{"embeddable":true,"href":"https:\/\/heldersebinnenstad.nl\/de\/wp-json\/wp\/v2\/media\/9181"}],"wp:attachment":[{"href":"https:\/\/heldersebinnenstad.nl\/de\/wp-json\/wp\/v2\/media?parent=2870"}],"curies":[{"name":"wp","href":"https:\/\/api.w.org\/{rel}","templated":true}]}}