{"id":2887,"date":"2019-02-04T14:43:59","date_gmt":"2019-02-04T14:43:59","guid":{"rendered":"http:\/\/heldersebinnenstad.nl\/?page_id=2887"},"modified":"2019-02-20T17:59:09","modified_gmt":"2019-02-20T17:59:09","slug":"willemsoord","status":"publish","type":"page","link":"https:\/\/heldersebinnenstad.nl\/de\/willemsoord\/","title":{"rendered":"Willemsoord"},"content":{"rendered":"<h2>Das wundersch\u00f6ne, kulturelle Erbe von Willemsoord &#8230;<\/h2>\n<p>Willemsoord zeigt Ihnen noch genau, wie die Werft fr\u00fcher ausgesehen hat. Willemsoord wurde nicht umsonst zum Reichsdenkmal ernannt! Sehen Sie sich die alte Werft an, besuchen Sie die tollen Museen, machen Sie eine Bootstour mit einem pr\u00e4chtig restaurierten Schiff oder lassen Sie die Kinder nach Herzenslust im Spielparadies spielen!<br \/>\nSogar Napoleon war vom Hafen Den Helders beeindruckt. Er lie\u00df die gr\u00f6\u00dfte Marinebasis mit Werft in unserem Land bauen! Sp\u00e4ter war dies der Komplex f\u00fcr die Schiffswerft der k\u00f6niglichen Marine. Und heute? Heute ist dieses sch\u00f6ne Fleckchen in Den Helder ein besonderer Ort f\u00fcr einen Tagesausflug. Willemsoord braust wie nie zuvor. Kommen Sie vorbei und besichtigen Sie beispielsweise das U-Boot \u201cTonijn\u201d.<\/p>\n<h2>Der Museumshafen f\u00fcr Liebhaber von Schiffen<\/h2>\n<p>Das Herz Willemsoords ist der Museumshafen. An der Pier liegen pr\u00e4chtig restaurierte Schiffe. Das Feuerschiff Texel, das einst eine Bake im Meer war, ist einer der Blickf\u00e4nger. Mit einigen der Schiffe kann man sogar eine Rundfahrt machen. Auf dem Komplex befinden sich zwei Museen, das nationale Rettungsmuseum \u201cDorus Rijkers\u201d und das Marinemuseum. Hier erhalten Sie Einblicke in die Geschichte und in die Gegenwart der Marine und des Rettungswesens.<\/p>\n<p>F\u00fcr Kunstwerke und wechselnde Ausstellungen gibt es eine Artothek. Leben Sie sich im Kinderspielparadies aus, spielen Sie im Casino ein Spielchen oder lehnen Sie sich bei einem Film im Kino \u201cKinepolis\u201d einfach mal zur\u00fcck.<\/p>\n<h3>Gastronomie auf Willemsoord<\/h3>\n<p>Genie\u00dfen Sie beim Barista Caf\u00e9 \u201cNJoy\u201d eine Tasse Kaffee oder trinken Sie beim Hafencaf\u00e9 \u201c\u2019t Zwaantje\u201d etwas oder dinieren Sie stilvoll bei \u201cKade 60\u201d. Die Gastronomie auf Willemsoord sorgt daf\u00fcr, dass es bei Ihrem Tagesausflug auch k\u00f6stliches Essen und Trinken gibt! Das Restaurant \u201cStoom\u201d ist in der Kombination mit einem Theaterbesuch im <a href=\"https:\/\/www.kampanje.nl\/\" target=\"_blank\" rel=\"noopener\">Theater de Kampanje<\/a> einen Besuch wert, wenn Sie abends ausgehen m\u00f6chten.<\/p>\n<p>Willemsoord l\u00e4sst sich gut mit dem Auto, dem Wohnmobil, dem Zug oder dem Boot erreichen.<br \/>\nEs gibt gen\u00fcgend kostenlose Parkpl\u00e4tze, einen besonders modernen Yachthafen und Wohnwagenstellpl\u00e4tze. Den Hauptbahnhof erreicht man von Willemsoord aus innerhalb von<br \/>\n10 Minuten zu Fu\u00df. Kurzum: Willemsoord hat alles zu bieten, was man f\u00fcr sich f\u00fcr einen Tagesausflug w\u00fcnschen kann! Willemsoord in Den Helder war die gr\u00f6\u00dfte Marinebasis der Niederlande. Dieses tolle Hafengel\u00e4nde eignet sich prima f\u00fcr einen Familienausflug, ein Kinderfest oder einen Schulausflug.<br \/>\nDiese Aktivit\u00e4t eignet sich f\u00fcr die ganze Familie, Kinder, Erwachsene und \u00e4ltere Leute.<\/p>\n<p>M\u00f6chten Sie mehr \u00fcber Willemsoord oder allgemein \u00fcber Den Helder erfahren? Sehen Sie sich dann auch die <a href=\"https:\/\/denhelder.online\/\" target=\"_blank\" rel=\"noopener\">Webseite Den Helder Online<\/a> an.<\/p>\n","protected":false},"excerpt":{"rendered":"<p>Das wundersch\u00f6ne, kulturelle Erbe von Willemsoord &#8230; Willemsoord zeigt Ihnen noch genau, wie die Werft fr\u00fcher ausgesehen hat. Willemsoord wurde nicht umsonst zum Reichsdenkmal ernannt! Sehen Sie sich die alte Werft an, besuchen Sie die tollen Museen, machen Sie eine Bootstour mit einem pr\u00e4chtig restaurierten Schiff oder lassen Sie die Kinder nach Herzenslust im Spielparadies [&hellip;]<\/p>\n","protected":false},"author":1,"featured_media":9136,"parent":0,"menu_order":0,"comment_status":"closed","ping_status":"closed","template":"","meta":{"_acf_changed":false,"footnotes":""},"class_list":["post-2887","page","type-page","status-publish","has-post-thumbnail","hentry"],"acf":[],"yoast_head":"<!-- This site is optimized with the Yoast SEO plugin v26.6 - https:\/\/yoast.com\/wordpress\/plugins\/seo\/ -->\n<title>Willemsoord - Helderse binnenstad<\/title>\n<meta name=\"description\" content=\"De Helderse Binnenstad leeft! Het gehele jaar door zijn er acties en evenementen te beleven in het vernieuwde winkel centrum van de Marinestad. Wees welkom!\" \/>\n<meta name=\"robots\" content=\"index, follow, max-snippet:-1, max-image-preview:large, max-video-preview:-1\" \/>\n<link rel=\"canonical\" href=\"https:\/\/heldersebinnenstad.nl\/de\/willemsoord\/\" \/>\n<meta property=\"og:locale\" content=\"de_DE\" \/>\n<meta property=\"og:type\" content=\"article\" \/>\n<meta property=\"og:title\" content=\"Willemsoord - Helderse binnenstad\" \/>\n<meta property=\"og:description\" content=\"De Helderse Binnenstad leeft! Het gehele jaar door zijn er acties en evenementen te beleven in het vernieuwde winkel centrum van de Marinestad. Wees welkom!\" \/>\n<meta property=\"og:url\" content=\"https:\/\/heldersebinnenstad.nl\/de\/willemsoord\/\" \/>\n<meta property=\"og:site_name\" content=\"Helderse binnenstad\" \/>\n<meta property=\"article:publisher\" content=\"https:\/\/nl-nl.facebook.com\/heldersebinnenstad\" \/>\n<meta property=\"article:modified_time\" content=\"2019-02-20T17:59:09+00:00\" \/>\n<meta property=\"og:image\" content=\"https:\/\/heldersebinnenstad.nl\/wp-content\/uploads\/2022\/01\/Willemsoord-Den-Helder.jpg\" \/>\n\t<meta property=\"og:image:width\" content=\"1280\" \/>\n\t<meta property=\"og:image:height\" content=\"600\" \/>\n\t<meta property=\"og:image:type\" content=\"image\/jpeg\" \/>\n<meta name=\"twitter:card\" content=\"summary_large_image\" \/>\n<meta name=\"twitter:label1\" content=\"Gesch\u00e4tzte Lesezeit\" \/>\n\t<meta name=\"twitter:data1\" content=\"2\u00a0Minuten\" \/>\n<script type=\"application\/ld+json\" class=\"yoast-schema-graph\">{\"@context\":\"https:\/\/schema.org\",\"@graph\":[{\"@type\":\"WebPage\",\"@id\":\"https:\/\/heldersebinnenstad.nl\/de\/willemsoord\/\",\"url\":\"https:\/\/heldersebinnenstad.nl\/de\/willemsoord\/\",\"name\":\"Willemsoord - Helderse binnenstad\",\"isPartOf\":{\"@id\":\"https:\/\/heldersebinnenstad.nl\/#website\"},\"primaryImageOfPage\":{\"@id\":\"https:\/\/heldersebinnenstad.nl\/de\/willemsoord\/#primaryimage\"},\"image\":{\"@id\":\"https:\/\/heldersebinnenstad.nl\/de\/willemsoord\/#primaryimage\"},\"thumbnailUrl\":\"https:\/\/heldersebinnenstad.nl\/wp-content\/uploads\/2022\/01\/Willemsoord-Den-Helder.jpg\",\"datePublished\":\"2019-02-04T14:43:59+00:00\",\"dateModified\":\"2019-02-20T17:59:09+00:00\",\"description\":\"De Helderse Binnenstad leeft! Het gehele jaar door zijn er acties en evenementen te beleven in het vernieuwde winkel centrum van de Marinestad. Wees welkom!\",\"breadcrumb\":{\"@id\":\"https:\/\/heldersebinnenstad.nl\/de\/willemsoord\/#breadcrumb\"},\"inLanguage\":\"de\",\"potentialAction\":[{\"@type\":\"ReadAction\",\"target\":[\"https:\/\/heldersebinnenstad.nl\/de\/willemsoord\/\"]}]},{\"@type\":\"ImageObject\",\"inLanguage\":\"de\",\"@id\":\"https:\/\/heldersebinnenstad.nl\/de\/willemsoord\/#primaryimage\",\"url\":\"https:\/\/heldersebinnenstad.nl\/wp-content\/uploads\/2022\/01\/Willemsoord-Den-Helder.jpg\",\"contentUrl\":\"https:\/\/heldersebinnenstad.nl\/wp-content\/uploads\/2022\/01\/Willemsoord-Den-Helder.jpg\",\"width\":1280,\"height\":600,\"caption\":\"Willemsoord Den Helder\"},{\"@type\":\"BreadcrumbList\",\"@id\":\"https:\/\/heldersebinnenstad.nl\/de\/willemsoord\/#breadcrumb\",\"itemListElement\":[{\"@type\":\"ListItem\",\"position\":1,\"name\":\"Home\",\"item\":\"https:\/\/heldersebinnenstad.nl\/de\/\"},{\"@type\":\"ListItem\",\"position\":2,\"name\":\"Willemsoord\"}]},{\"@type\":\"WebSite\",\"@id\":\"https:\/\/heldersebinnenstad.nl\/#website\",\"url\":\"https:\/\/heldersebinnenstad.nl\/\",\"name\":\"Helderse binnenstad\",\"description\":\"Op deze website kunt u informatie nalezen die het voor u eenvoudiger maakt om iets op te zoeken in de Helderse binnenstad.\",\"potentialAction\":[{\"@type\":\"SearchAction\",\"target\":{\"@type\":\"EntryPoint\",\"urlTemplate\":\"https:\/\/heldersebinnenstad.nl\/?s={search_term_string}\"},\"query-input\":{\"@type\":\"PropertyValueSpecification\",\"valueRequired\":true,\"valueName\":\"search_term_string\"}}],\"inLanguage\":\"de\"}]}<\/script>\n<!-- \/ Yoast SEO plugin. -->","yoast_head_json":{"title":"Willemsoord - Helderse binnenstad","description":"De Helderse Binnenstad leeft! Het gehele jaar door zijn er acties en evenementen te beleven in het vernieuwde winkel centrum van de Marinestad. Wees welkom!","robots":{"index":"index","follow":"follow","max-snippet":"max-snippet:-1","max-image-preview":"max-image-preview:large","max-video-preview":"max-video-preview:-1"},"canonical":"https:\/\/heldersebinnenstad.nl\/de\/willemsoord\/","og_locale":"de_DE","og_type":"article","og_title":"Willemsoord - Helderse binnenstad","og_description":"De Helderse Binnenstad leeft! Het gehele jaar door zijn er acties en evenementen te beleven in het vernieuwde winkel centrum van de Marinestad. Wees welkom!","og_url":"https:\/\/heldersebinnenstad.nl\/de\/willemsoord\/","og_site_name":"Helderse binnenstad","article_publisher":"https:\/\/nl-nl.facebook.com\/heldersebinnenstad","article_modified_time":"2019-02-20T17:59:09+00:00","og_image":[{"width":1280,"height":600,"url":"https:\/\/heldersebinnenstad.nl\/wp-content\/uploads\/2022\/01\/Willemsoord-Den-Helder.jpg","type":"image\/jpeg"}],"twitter_card":"summary_large_image","twitter_misc":{"Gesch\u00e4tzte Lesezeit":"2\u00a0Minuten"},"schema":{"@context":"https:\/\/schema.org","@graph":[{"@type":"WebPage","@id":"https:\/\/heldersebinnenstad.nl\/de\/willemsoord\/","url":"https:\/\/heldersebinnenstad.nl\/de\/willemsoord\/","name":"Willemsoord - Helderse binnenstad","isPartOf":{"@id":"https:\/\/heldersebinnenstad.nl\/#website"},"primaryImageOfPage":{"@id":"https:\/\/heldersebinnenstad.nl\/de\/willemsoord\/#primaryimage"},"image":{"@id":"https:\/\/heldersebinnenstad.nl\/de\/willemsoord\/#primaryimage"},"thumbnailUrl":"https:\/\/heldersebinnenstad.nl\/wp-content\/uploads\/2022\/01\/Willemsoord-Den-Helder.jpg","datePublished":"2019-02-04T14:43:59+00:00","dateModified":"2019-02-20T17:59:09+00:00","description":"De Helderse Binnenstad leeft! Het gehele jaar door zijn er acties en evenementen te beleven in het vernieuwde winkel centrum van de Marinestad. Wees welkom!","breadcrumb":{"@id":"https:\/\/heldersebinnenstad.nl\/de\/willemsoord\/#breadcrumb"},"inLanguage":"de","potentialAction":[{"@type":"ReadAction","target":["https:\/\/heldersebinnenstad.nl\/de\/willemsoord\/"]}]},{"@type":"ImageObject","inLanguage":"de","@id":"https:\/\/heldersebinnenstad.nl\/de\/willemsoord\/#primaryimage","url":"https:\/\/heldersebinnenstad.nl\/wp-content\/uploads\/2022\/01\/Willemsoord-Den-Helder.jpg","contentUrl":"https:\/\/heldersebinnenstad.nl\/wp-content\/uploads\/2022\/01\/Willemsoord-Den-Helder.jpg","width":1280,"height":600,"caption":"Willemsoord Den Helder"},{"@type":"BreadcrumbList","@id":"https:\/\/heldersebinnenstad.nl\/de\/willemsoord\/#breadcrumb","itemListElement":[{"@type":"ListItem","position":1,"name":"Home","item":"https:\/\/heldersebinnenstad.nl\/de\/"},{"@type":"ListItem","position":2,"name":"Willemsoord"}]},{"@type":"WebSite","@id":"https:\/\/heldersebinnenstad.nl\/#website","url":"https:\/\/heldersebinnenstad.nl\/","name":"Helderse binnenstad","description":"Op deze website kunt u informatie nalezen die het voor u eenvoudiger maakt om iets op te zoeken in de Helderse binnenstad.","potentialAction":[{"@type":"SearchAction","target":{"@type":"EntryPoint","urlTemplate":"https:\/\/heldersebinnenstad.nl\/?s={search_term_string}"},"query-input":{"@type":"PropertyValueSpecification","valueRequired":true,"valueName":"search_term_string"}}],"inLanguage":"de"}]}},"_links":{"self":[{"href":"https:\/\/heldersebinnenstad.nl\/de\/wp-json\/wp\/v2\/pages\/2887","targetHints":{"allow":["GET"]}}],"collection":[{"href":"https:\/\/heldersebinnenstad.nl\/de\/wp-json\/wp\/v2\/pages"}],"about":[{"href":"https:\/\/heldersebinnenstad.nl\/de\/wp-json\/wp\/v2\/types\/page"}],"author":[{"embeddable":true,"href":"https:\/\/heldersebinnenstad.nl\/de\/wp-json\/wp\/v2\/users\/1"}],"replies":[{"embeddable":true,"href":"https:\/\/heldersebinnenstad.nl\/de\/wp-json\/wp\/v2\/comments?post=2887"}],"version-history":[{"count":3,"href":"https:\/\/heldersebinnenstad.nl\/de\/wp-json\/wp\/v2\/pages\/2887\/revisions"}],"predecessor-version":[{"id":3417,"href":"https:\/\/heldersebinnenstad.nl\/de\/wp-json\/wp\/v2\/pages\/2887\/revisions\/3417"}],"wp:featuredmedia":[{"embeddable":true,"href":"https:\/\/heldersebinnenstad.nl\/de\/wp-json\/wp\/v2\/media\/9136"}],"wp:attachment":[{"href":"https:\/\/heldersebinnenstad.nl\/de\/wp-json\/wp\/v2\/media?parent=2887"}],"curies":[{"name":"wp","href":"https:\/\/api.w.org\/{rel}","templated":true}]}}